{"id":101,"date":"2019-07-31T22:38:26","date_gmt":"2019-07-31T22:38:26","guid":{"rendered":"http:\/\/eislauf-moedling.at\/kurse\/?page_id=101"},"modified":"2024-08-08T19:39:45","modified_gmt":"2024-08-08T19:39:45","slug":"kontakt","status":"publish","type":"page","link":"https:\/\/eislauf-moedling.at\/kurse\/?page_id=101","title":{"rendered":"Kontakt"},"content":{"rendered":"\n<div class=\"mea-hauptblock\"><div class=\"mea-textblock\">\n<div class=\"mea-text-titel\">MEA KONTAKT<\/div><br>\nM\u00f6dlinger Eislaufabteilung \n<br>\nBadstrasse 25<br>\n2340 M\u00f6dling<br>\n\u00d6sterreich<br>\n<br>\nEissportwart Peter Sch\u00fcbl\u200b<br>\nTelefon: +43 (0)676 9518006 <br>\nE-Mail: <a href=\"mailto:office@eislauf-moedling.at\">office@eislauf-moedling.at<\/a><br>\nNewsletter: <div class=\"tnp tnp-subscription \">\n<form method=\"post\" action=\"https:\/\/eislauf-moedling.at\/kurse\/wp-admin\/admin-ajax.php?action=tnp&amp;na=s\">\n<input type=\"hidden\" name=\"nlang\" value=\"\">\n<div class=\"tnp-field tnp-field-firstname\"><label for=\"tnp-1\">Vorname<\/label>\n<input class=\"tnp-name\" type=\"text\" name=\"nn\" id=\"tnp-1\" value=\"\" placeholder=\"\"><\/div>\n<div class=\"tnp-field tnp-field-surname\"><label for=\"tnp-2\">Nachname<\/label>\n<input class=\"tnp-surname\" type=\"text\" name=\"ns\" id=\"tnp-2\" value=\"\" placeholder=\"\"><\/div><div class=\"tnp-field tnp-field-email\"><label for=\"tnp-3\">E-Mail-Adresse<\/label>\n<input class=\"tnp-email\" type=\"email\" name=\"ne\" id=\"tnp-3\" value=\"\" placeholder=\"\" required><\/div>\n<div class=\"tnp-field tnp-privacy-field\"><label><input type=\"checkbox\" name=\"ny\" required class=\"tnp-privacy\"> Hiermit akzeptiere ich die Datenschutzbestimmungen<\/label><\/div><div class=\"tnp-field tnp-field-button\" style=\"text-align: left\"><input class=\"tnp-submit\" type=\"submit\" value=\"Abonnieren\" style=\"\">\n<\/div>\n<\/form>\n<\/div>\n <\/div><\/div>\n","protected":false},"excerpt":{"rendered":"<p>MEA KONTAKT M\u00f6dlinger Eislaufabteilung Badstrasse 25 2340 M\u00f6dling \u00d6sterreich Eissportwart Peter Sch\u00fcbl\u200b Telefon: +43 (0)676 9518006 E-Mail: office@eislauf-moedling.at Newsletter:<\/p>\n","protected":false},"author":1,"featured_media":0,"parent":0,"menu_order":7,"comment_status":"closed","ping_status":"closed","template":"","meta":{"colormag_page_layout":"default_layout","footnotes":""},"class_list":["post-101","page","type-page","status-publish","hentry"],"_links":{"self":[{"href":"https:\/\/eislauf-moedling.at\/kurse\/index.php?rest_route=\/wp\/v2\/pages\/101","targetHints":{"allow":["GET"]}}],"collection":[{"href":"https:\/\/eislauf-moedling.at\/kurse\/index.php?rest_route=\/wp\/v2\/pages"}],"about":[{"href":"https:\/\/eislauf-moedling.at\/kurse\/index.php?rest_route=\/wp\/v2\/types\/page"}],"author":[{"embeddable":true,"href":"https:\/\/eislauf-moedling.at\/kurse\/index.php?rest_route=\/wp\/v2\/users\/1"}],"replies":[{"embeddable":true,"href":"https:\/\/eislauf-moedling.at\/kurse\/index.php?rest_route=%2Fwp%2Fv2%2Fcomments&post=101"}],"version-history":[{"count":7,"href":"https:\/\/eislauf-moedling.at\/kurse\/index.php?rest_route=\/wp\/v2\/pages\/101\/revisions"}],"predecessor-version":[{"id":2911,"href":"https:\/\/eislauf-moedling.at\/kurse\/index.php?rest_route=\/wp\/v2\/pages\/101\/revisions\/2911"}],"wp:attachment":[{"href":"https:\/\/eislauf-moedling.at\/kurse\/index.php?rest_route=%2Fwp%2Fv2%2Fmedia&parent=101"}],"curies":[{"name":"wp","href":"https:\/\/api.w.org\/{rel}","templated":true}]}}