{"id":1479,"date":"2022-09-15T16:31:16","date_gmt":"2022-09-15T16:31:16","guid":{"rendered":"https:\/\/eislauf-moedling.at\/kurse\/?page_id=1479"},"modified":"2026-01-06T11:38:44","modified_gmt":"2026-01-06T11:38:44","slug":"mea-kinderkurse","status":"publish","type":"page","link":"https:\/\/eislauf-moedling.at\/kurse\/?page_id=1479","title":{"rendered":"MEA Kinderkurse"},"content":{"rendered":"\n<div class=\"mea-hauptblock\">\n<img decoding=\"async\" src=\"https:\/\/eislauf-moedling.at\/pics\/2022\/headers\/mea-header-kinderkurse1s.jpg\" width=\"100%\"><br>\n<div style=\"display: block; width: 100%; height: 1em;\"><\/div>\n<div class=\"mea-textblock\">\n<div class=\"mea-text-titel\">MEA KINDERKURSE<\/div><br>\nUnsere Kindereislaufkurse sind die perfekte Gelegenheit f\u00fcr alle kleinen Eislaufenthusiast:innen, ihre F\u00e4higkeiten auf dem Eis zu verbessern und dabei eine Menge Spa\u00df zu haben. Unter der professionellen Anleitung unserer erfahrenen Trainer werden die Kinder spielerisch in die Grundlagen des Eislaufens eingef\u00fchrt und k\u00f6nnen ihre Technik weiterentwickeln. Freut euch auf eine sichere und unterhaltsame Umgebung, in der eure Kleinen sich wohl und unterst\u00fctzt f\u00fchlen.<br>\nDie MEA Eislauf-Kinderkurse beginnen ab dem Alter von 3 Jahren. Wichtige Voraussetzung f\u00fcr richtiges Lernen ist die Ausr\u00fcstung &#8211; das sind vor allem nach M\u00f6glichkeit Leder-Eislaufschuhe mit festem Kn\u00f6chelhalt und Zacken.<br>\nDer Schlittschuhverleih auf der Kunsteisbahn steht Ihnen gerne mit guten Leihschuhen und fachlicher Beratung zur Verf\u00fcgung.<br>\nErforderlich au\u00dferdem sind warme Handschuhe, ein Sturzhelm oder eine feste Kopfbedeckung (Haube).<br>\n<font style=\"font-style: italic;\">WICHTIG: wir ersuchen, wenn m\u00f6glich, ein Namenspickerl auf dem Helm \/ an der Kleidung anzubringen!<\/font>\n<br>\n<br>\n<div style=\"\" class=\"mea-text-titel\">ANMELDUNG F\u00dcR DIE KINDERKURSE DER SAISON 2025\/26<\/div><br><div style=\"\">\n<em><font style=\"\">KURSBEGINN \/ KURSENDE<\/font>:<br>\n<b>Anfangs- und Endzeitpunkt der Saison sind abh\u00e4ngig von der Witterung und obliegen der Entscheidung der Stadtbad-Leitung, ebenso etwaige wetterbedingte Schlie\u00dfungen des Eislaufplatzes!<\/b>\n<br><br>\n<font style=\"\">KURSGEB\u00dcHR<\/font>: <b>\u20ac 100,-<\/b><\/em><br><br>\n<font style=\"font-weight: 400;\">Eintrittspreise Eisbahn<\/font><br>\n<b>Kinder: \u20ac 2,00<br>\nBegleitperson: \u20ac 3,00<\/b><\/div>\n<br>\n<br>\n<div style=\"border: 2px solid; border-radius: 1em;\"><div style=\"padding: 0.5em; font-weight: bold;\">ACHTUNG: bei <font style=\"color: #f00;\">ausgebuchten Kursen<\/font> ist die Online-Anmeldung nicht mehr m\u00f6glich! Falls Sie auf eine Warteliste gesetzt werden m\u00f6chten, wenden Sie sich bitte direkt an Fr. Roenig per E-Mail an <a href=\"mailto:office@eislauf-moedling.at\">office@eislauf-moedling.at<\/a> oder per Telefon unter 069020065849.<\/div> <\/div>\n\n<div class=\"mea-kurse-div100-100\" style=\"text-align: left;\">\n<div style=\"display: none; background-color: #e3f4f9; padding: 0.5em; border: 2px solid; border-radius: 1em; font-size: 1em;\">\n<b>Die Online-Anmeldeformulare f\u00fcr unsere Kinderkurse 2025\/26 stehen in K\u00fcrze zur Verf\u00fcgung!<\/b><br> Voranmeldungen bitte bis auf weiteres per E-Mail an <a href=\"mailto:kurse@eislauf-moedling.at\">kurse@eislauf-moedling.at<\/a> mit folgenden Angaben: <br>&#8211; gew\u00fcnschter Kurs<br>&#8211; Vorname des\/r Kursteilnehmer\/in<br>&#8211; Familienname des\/r Kursteilnehmer\/in<br>&#8211;  Geburtsdatum des\/r Kursteilnehmer\/in<br>&#8211; PLZ, Ort, Adresse<br>&#8211; Tel.Nr.<br>&#8211; E-Mail-Adresse<br>&#8211; Name des\/r Erziehungsberechtigten\n<\/div><br>\n<div style=\"\" class=\"mea-kurse-div50-100\">\n\t\t<font id=\"kurszeit-titel-div\">DIENSTAG von 17:00 bis 17:40 Uhr<\/font> <br><img decoding=\"async\" src=\"https:\/\/eislauf-moedling.at\/pics\/icons\/mea-max-zahl.png\" style=\"height: 1em; vertical-align: middle;\"> angemeldet: <font style=\"color: #090; font-weight: bold;\"> 19 <\/font> von <b>max. 20<\/b><br><img decoding=\"async\" src=\"https:\/\/eislauf-moedling.at\/pics\/icons\/mea-check.png\" style=\"height: 1em; vertical-align: middle;\"><a href=\"https:\/\/eislauf-moedling.at\/kurse\/?page_id=1509\"> jetzt anmelden<\/a>\n\t<\/div>\n\t<div style=\"\" class=\"mea-kurse-div50-100\">\n\t<font id=\"kurszeit-titel-div\">MITTWOCH von 15:40 bis 16:20 Uhr<\/font><br><img decoding=\"async\" src=\"https:\/\/eislauf-moedling.at\/pics\/icons\/mea-max-zahl.png\" style=\"height: 1em; vertical-align: middle;\"> angemeldet: <font style=\"color: #090; font-weight: bold;\"> 19<\/font> von <b>max. 20<\/b><br><img decoding=\"async\" src=\"https:\/\/eislauf-moedling.at\/pics\/icons\/mea-check.png\" style=\"height: 1em; vertical-align: middle;\"><a href=\"https:\/\/eislauf-moedling.at\/kurse\/?page_id=1528\"> jetzt anmelden<\/a>\n\t<\/div>\n\t<div style=\"\" class=\"mea-kurse-div50-100\">\n\t<font id=\"kurszeit-titel-div\">DONNERSTAG von 17:00 bis 17:40 Uhr<\/font><br><img decoding=\"async\" src=\"https:\/\/eislauf-moedling.at\/pics\/icons\/mea-max-zahl.png\" style=\"height: 1em; vertical-align: middle;\"> angemeldet: <font style=\"color: #090; font-weight: bold;\"> 14<\/font> von <b>max. 20<\/b> <br><img decoding=\"async\" src=\"https:\/\/eislauf-moedling.at\/pics\/icons\/mea-check.png\" style=\"height: 1em; vertical-align: middle;\"><a href=\"https:\/\/eislauf-moedling.at\/kurse\/?page_id=1540\"> jetzt anmelden<\/a>\n\t<\/div> \n<div style=\"\" class=\"mea-kurse-div50-100\">\n\t<font id=\"kurszeit-titel-div\">FREITAG von 15:20 bis 16:00 Uhr<\/font><br><img decoding=\"async\" src=\"https:\/\/eislauf-moedling.at\/pics\/icons\/mea-max-zahl.png\" style=\"height: 1em; vertical-align: middle;\"> angemeldet: <font style=\"color: #090; font-weight: bold;\"> 16<\/font> von <b>max. 20<\/b> <br><img decoding=\"async\" src=\"https:\/\/eislauf-moedling.at\/pics\/icons\/mea-check.png\" style=\"height: 1em; vertical-align: middle;\"><a href=\"https:\/\/eislauf-moedling.at\/kurse\/?page_id=3322\"> jetzt anmelden<\/a><\/div>\n\t<div style=\"\" class=\"mea-kurse-div50-100\">\n\t<font id=\"kurszeit-titel-div\">FREITAG von 16:00 bis 16:40 Uhr<\/font><br><img decoding=\"async\" src=\"https:\/\/eislauf-moedling.at\/pics\/icons\/mea-max-zahl.png\" style=\"height: 1em; vertical-align: middle;\"> angemeldet: <font style=\"color: #090; font-weight: bold;\"> 18<\/font> von <b>max. 20<\/b> <br><img decoding=\"async\" src=\"https:\/\/eislauf-moedling.at\/pics\/icons\/mea-check.png\" style=\"height: 1em; vertical-align: middle;\"><a href=\"https:\/\/eislauf-moedling.at\/kurse\/?page_id=1548\"> jetzt anmelden<\/a><\/div>\n<div style=\"width: 100%; clear:both;\"><\/div>\n\t<div style=\"\" class=\"mea-kurse-div50-100\"><font id=\"kurszeit-titel-div\">SAMSTAG von 10:45 bis 11:25 Uhr<\/font><br><img decoding=\"async\" src=\"https:\/\/eislauf-moedling.at\/pics\/icons\/mea-max-zahl.png\" style=\"height: 1em; vertical-align: middle;\"> angemeldet: <font style=\"color: #f00; font-weight: bold;\"> 25<\/font> von <b>max. 25<\/b> <br><img decoding=\"async\" src=\"https:\/\/eislauf-moedling.at\/pics\/icons\/mea-check.png\" style=\"height: 1em; vertical-align: middle;\"><a href=\"https:\/\/eislauf-moedling.at\/kurse\/?page_id=1560\"> jetzt anmelden<\/a><\/div>\n\t<div style=\"\" class=\"mea-kurse-div50-100\"><font id=\"kurszeit-titel-div\">SAMSTAG von 11:25 bis 12:05 Uhr<\/font><br><img decoding=\"async\" src=\"https:\/\/eislauf-moedling.at\/pics\/icons\/mea-max-zahl.png\" style=\"height: 1em; vertical-align: middle;\"> angemeldet: <font style=\"color: #f00; font-weight: bold;\"> 25<\/font> von <b>max. 25<\/b><br><img decoding=\"async\" src=\"https:\/\/eislauf-moedling.at\/pics\/icons\/mea-check.png\" style=\"height: 1em; vertical-align: middle;\"><a href=\"https:\/\/eislauf-moedling.at\/kurse\/?page_id=1569\"> jetzt anmelden<\/a><\/div>\n\t<div style=\"\" class=\"mea-kurse-div50-100\"><font id=\"kurszeit-titel-div\">SAMSTAG von 12:05 bis 12:45 Uhr \/ <br>Basiskurs Kunstlauf bis 16 Jahre<\/font><br><font style=\"font-weight: 400;\">ACHTUNG: F\u00fcr diesen Kurs sind z\u00fcgiges Vorw\u00e4rts- und R\u00fcckw\u00e4rtsfahren sowie Lederkunstlaufschuhe Voraussetzung!<\/font><br><img decoding=\"async\" src=\"https:\/\/eislauf-moedling.at\/pics\/icons\/mea-max-zahl.png\" style=\"height: 1em; vertical-align: middle;\"> angemeldet: <font style=\"color: #090; font-weight: bold;\"> 17<\/font> von <b>max. 25<\/b><br>\n<img decoding=\"async\" src=\"https:\/\/eislauf-moedling.at\/pics\/icons\/mea-check.png\" style=\"height: 1em; vertical-align: middle;\"><a href=\"https:\/\/eislauf-moedling.at\/kurse\/?page_id=1575\"> jetzt anmelden<\/a><\/div>\n\t<div style=\"\" class=\"mea-kurse-div50-100\"><font id=\"kurszeit-titel-div\">SAMSTAG von 12:45 bis 13:25 Uhr \/ <br>Basiskurs Kunstlauf bis 16 Jahre<\/font> <br><font style=\"font-weight: 400;\">ACHTUNG: F\u00fcr diesen Kurs sind z\u00fcgiges Vorw\u00e4rts- und R\u00fcckw\u00e4rtsfahren sowie Lederkunstlaufschuhe Voraussetzung!<\/font><br>\n<img decoding=\"async\" src=\"https:\/\/eislauf-moedling.at\/pics\/icons\/mea-max-zahl.png\" style=\"height: 1em; vertical-align: middle;\"> angemeldet: <font style=\"color: #090; font-weight: bold;\"> 10 <\/font> von <b>max. 20<\/b><br>\n<img decoding=\"async\" src=\"https:\/\/eislauf-moedling.at\/pics\/icons\/mea-check.png\" style=\"height: 1em; vertical-align: middle;\"><a href=\"https:\/\/eislauf-moedling.at\/kurse\/?page_id=1581\"> jetzt anmelden<\/a><\/div>\n\t<\/div>\n<\/div>\n<\/div>\n\n\n\n<style>.mea-kurse-div100-100 a {color: #00bf00; text-decoration: underline;} .mea-kurse-div100-100 a:hover {color: #182d84;}  .mea-paymethods-img {width: 300px;} @media screen and (max-device-width:640px), screen and (max-width:640px)\n{ .mea-paymethods-img {width: 100%;} }<\/style>\n<div style=\"display: inline-block; width: 100%; height:1em;\"><\/div>\n<div style=\"background-color: #e3f4f9; color: #182d84; padding: 0.5em; border: 2px solid; border-radius: 1em;\">\nDer erste Kurstag kann auf Wunsch als Schnuppertag verwendet werden, ab dem zweiten Kurstag muss ein Zahlungsbeleg (Online-Zahlung, Erlagschein oder \u00dcberweisungsbeleg) vorgezeigt werden.\n<\/div><br>\n<div id=\"bezahlung\" style=\"border: 2px solid #192e84; padding: 10px; color: #182d84;\"><font style=\"font-weight: bold;\">Bezahlung der Kurse<\/font>:<br>\nDie Kursgeb\u00fchren sind via Bank\u00fcberweisung an folgendes Konto zu entrichten: <br><b>\u00d6TB Turnverein M\u00f6dling Abt. Eislaufen<br>AT61 1200 0006 3029 7703<\/b>\n<\/div>\n<\/div>\n\n\n\n<p><\/p>\n","protected":false},"excerpt":{"rendered":"<p>MEA KINDERKURSE Unsere Kindereislaufkurse sind die perfekte Gelegenheit f\u00fcr alle kleinen Eislaufenthusiast:innen, ihre F\u00e4higkeiten auf dem Eis zu verbessern und<\/p>\n","protected":false},"author":1,"featured_media":0,"parent":59,"menu_order":2,"comment_status":"closed","ping_status":"closed","template":"","meta":{"colormag_page_layout":"default_layout","footnotes":""},"class_list":["post-1479","page","type-page","status-publish","hentry"],"_links":{"self":[{"href":"https:\/\/eislauf-moedling.at\/kurse\/index.php?rest_route=\/wp\/v2\/pages\/1479","targetHints":{"allow":["GET"]}}],"collection":[{"href":"https:\/\/eislauf-moedling.at\/kurse\/index.php?rest_route=\/wp\/v2\/pages"}],"about":[{"href":"https:\/\/eislauf-moedling.at\/kurse\/index.php?rest_route=\/wp\/v2\/types\/page"}],"author":[{"embeddable":true,"href":"https:\/\/eislauf-moedling.at\/kurse\/index.php?rest_route=\/wp\/v2\/users\/1"}],"replies":[{"embeddable":true,"href":"https:\/\/eislauf-moedling.at\/kurse\/index.php?rest_route=%2Fwp%2Fv2%2Fcomments&post=1479"}],"version-history":[{"count":445,"href":"https:\/\/eislauf-moedling.at\/kurse\/index.php?rest_route=\/wp\/v2\/pages\/1479\/revisions"}],"predecessor-version":[{"id":3406,"href":"https:\/\/eislauf-moedling.at\/kurse\/index.php?rest_route=\/wp\/v2\/pages\/1479\/revisions\/3406"}],"up":[{"embeddable":true,"href":"https:\/\/eislauf-moedling.at\/kurse\/index.php?rest_route=\/wp\/v2\/pages\/59"}],"wp:attachment":[{"href":"https:\/\/eislauf-moedling.at\/kurse\/index.php?rest_route=%2Fwp%2Fv2%2Fmedia&parent=1479"}],"curies":[{"name":"wp","href":"https:\/\/api.w.org\/{rel}","templated":true}]}}