{"id":1504,"date":"2022-09-15T17:20:47","date_gmt":"2022-09-15T17:20:47","guid":{"rendered":"https:\/\/eislauf-moedling.at\/kurse\/?page_id=1504"},"modified":"2026-02-02T10:53:37","modified_gmt":"2026-02-02T10:53:37","slug":"winterferienspiele","status":"publish","type":"page","link":"https:\/\/eislauf-moedling.at\/kurse\/?page_id=1504","title":{"rendered":"Winterferienspiele"},"content":{"rendered":"\n<figure class=\"wp-block-image size-large is-style-default\"><img decoding=\"async\" src=\"https:\/\/eislauf-moedling.at\/pics\/2022\/headers\/mea-header-ferien1.jpg\" alt=\"\"\/><\/figure>\n\n\n\n<style>.mea-kurse-div100-100 a {color: #00bf00;}<\/style>\n<div class=\"mea-hauptblock\">\n<div class=\"mea-textblock\">\n<div class=\"mea-text-titel\">WINTERFERIENSPIELE DER GEMEINDE M\u00d6DLING<\/div><br>\nWie in den vergangenen Jahren veranstalten wir auch heuer in Zusammenarbeit mit der <font style=\"font-weight: bold\">Gemeinde M\u00f6dling<\/font> die sehr beliebten <font style=\"font-weight: bold\">Winterferienspielkurse<\/font>, die zur Weihnachtszeit und w\u00e4hrend der Semesterferien stattfinden. Wir vermitteln dabei Kindern und Jugendlichen von 3 bis 16 Jahren auf spielerische Art, in aufgeteilten Gruppen, Spa\u00df und K\u00f6nnen am Eislaufsport. Bitte beachten Sie, dass eine rechtzeitige Anmeldung erforderlich ist, da die Teilnehmer:innenzahl begrenzt ist und die Pl\u00e4tze schnell ausgebucht sind.\n<br>\n<br><div class=\"TEMP-DISPLAY-NONE\" style=\"\">\n<div class=\"mea-text-titel\">ANMELDUNG F\u00dcR DIE WINTERFERIENSPIELE SAISON 2025\/26<\/div><br>\n\n<em><font style=\"\">KURSGEB\u00dcHR<\/font>: <b>\u20ac 50,00<\/b><\/em><br>\n\nF\u00fcr Kinder mit Hauptwohnsitz in M\u00f6dling \u00fcbernimmt die Gemeinde M\u00f6dling den halben Kursbeitrag je Kind f\u00fcr einen der Winterferienspielkurse. In diesem Fall ist an die M\u00f6dlinger Eislaufabteilung dementsprechend die H\u00e4lfte (\u20ac 25,00)\u00a0zu entrichten. Zahlungsbeleg und Meldenachweis bitte beim ersten Kurstag mitbringen.\n\n<div class=\"mea-kurse-break-clear-15px\"><\/div>\n<div>\nEintrittspreise Eisbahn:<br>\n<b>Kinder: \u20ac 2,00<br>\nBegleitperson: \u20ac 3,00<\/b><\/div>\n<style>.mea-kurse-div100-100 a {color: #00bf00; text-decoration: underline;} .mea-kurse-div100-100 a:hover {color: #182d84;}  .mea-paymethods-img {width: 300px;} @media screen and (max-device-width:640px), screen and (max-width:640px)\n{ .mea-paymethods-img {width: 100%;} }<\/style>\n<div style=\"display: inline-block; width: 100%; height:1em;\"><\/div>\n<div id=\"bezahlung\" style=\"border: 2px solid #192e84; padding: 10px; color: #182d84;\"><font style=\"font-weight: bold;\">Bezahlung der Kurse<\/font>:<br>\nDie Kursgeb\u00fchren sind via Bank\u00fcberweisung an folgendes Konto zu entrichten: <br><b>\u00d6TB Turnverein M\u00f6dling Abt. Eislaufen<br>AT61 1200 0006 3029 7703<\/b>\n<\/div>\n<\/div>\n<div class=\"mea-kurse-break-clear-15px\"><\/div>\n<div style=\"border: 2px solid; border-radius: 1em;\"><div style=\"padding: 0.5em; font-weight: bold;\">ACHTUNG: bei <font style=\"color: #f00;\">ausgebuchten Kursen<\/font> ist die Online-Anmeldung nicht mehr m\u00f6glich! Falls Sie auf eine Warteliste gesetzt werden m\u00f6chten, wenden Sie sich bitte direkt an Fr. Roenig per E-Mail an <a href=\"mailto:office@eislauf-moedling.at\">office@eislauf-moedling.at<\/a> oder per Telefon unter 069020065849.<\/div> <\/div><br>\n<div class=\"mea-kurse-div100-100\" style=\"\">\n<font id=\"kurszeit-titel-div\">FERIENSPIEL 1 (WEIHNACHTSFERIENSPIEL) \/ 24.12, 26.12., 27.12., 29.12., und 30.12.2025<\/font><br>\n<div class=\"mea-kurse-div50-100\"><b>KURS 1 von 10:00 bis 10:40 Uhr<\/b><br><img decoding=\"async\" src=\"https:\/\/eislauf-moedling.at\/pics\/icons\/mea-max-zahl.png\" style=\"height: 1em; vertical-align: middle;\"> angemeldet: <font style=\"color: #f00; font-weight: bold;\"> 25<\/font> von <b>max. 25<\/b><br><img decoding=\"async\" src=\"https:\/\/eislauf-moedling.at\/pics\/icons\/mea-check.png\" style=\"height: 1em; vertical-align: middle;\"><a href=\"https:\/\/eislauf-moedling.at\/kurse\/?page_id=1693\"> jetzt anmelden<\/a><\/div>\n<div class=\"mea-kurse-div50-100\"><b>KURS 2 von 10:40 bis 11:20 Uhr<\/b><br><img decoding=\"async\" src=\"https:\/\/eislauf-moedling.at\/pics\/icons\/mea-max-zahl.png\" style=\"height: 1em; vertical-align: middle;\"> angemeldet: <font style=\"color: #f00; font-weight: bold;\"> 25<\/font> von <b>max. 25<\/b><br><img decoding=\"async\" src=\"https:\/\/eislauf-moedling.at\/pics\/icons\/mea-check.png\" style=\"height: 1em; vertical-align: middle;\"><a href=\"https:\/\/eislauf-moedling.at\/kurse\/?page_id=1698\"> jetzt anmelden<\/a><\/div>\n<div class=\"mea-kurse-div50-100\"><b>KURS 3 von 11:30 bis 12:10 Uhr<\/b><br><img decoding=\"async\" src=\"https:\/\/eislauf-moedling.at\/pics\/icons\/mea-max-zahl.png\" style=\"height: 1em; vertical-align: middle;\"> angemeldet: <font style=\"color: #f00; font-weight: bold;\"> 25<\/font> von <b>max. 25<\/b><br><img decoding=\"async\" src=\"https:\/\/eislauf-moedling.at\/pics\/icons\/mea-check.png\" style=\"height: 1em; vertical-align: middle;\"><a href=\"https:\/\/eislauf-moedling.at\/kurse\/?page_id=1703\"> jetzt anmelden<\/a><\/div>\n<div class=\"mea-kurse-div50-100\"><b>KURS 4 von 12:10 bis 12:50 Uhr<\/b><br><img decoding=\"async\" src=\"https:\/\/eislauf-moedling.at\/pics\/icons\/mea-max-zahl.png\" style=\"height: 1em; vertical-align: middle;\"> angemeldet: <font style=\"color: #090; font-weight: bold;\"> 10<\/font> von <b>max. 25<\/b><br><img decoding=\"async\" src=\"https:\/\/eislauf-moedling.at\/pics\/icons\/mea-check.png\" style=\"height: 1em; vertical-align: middle;\"><a href=\"https:\/\/eislauf-moedling.at\/kurse\/?page_id=1715\"> jetzt anmelden<\/a><\/div>\n<\/div>\n<div class=\"mea-kurse-break-clear-15px\"><\/div>\n<div class=\"mea-kurse-div100-100\" style=\"\" >\n<font id=\"kurszeit-titel-div\">FERIENSPIEL 2 (NEUJAHRS-FERIENSPIEL) \/ 31.12.2025, 2.1., 3.1., 5.1. und 6.1.2025<\/font><br>\n<div class=\"mea-kurse-div50-100\"><b>KURS 1 von 10:00 bis 10:40 Uhr<\/b><br><img decoding=\"async\" src=\"https:\/\/eislauf-moedling.at\/pics\/icons\/mea-max-zahl.png\" style=\"height: 1em; vertical-align: middle;\"> angemeldet: <font style=\"color: #f00; font-weight: bold;\"> 25<\/font> von <b>max. 25<\/b><br><img decoding=\"async\" src=\"https:\/\/eislauf-moedling.at\/pics\/icons\/mea-check.png\" style=\"height: 1em; vertical-align: middle;\"><a href=\"https:\/\/eislauf-moedling.at\/kurse\/?page_id=1726\"> jetzt anmelden<\/a><\/div>\n<div class=\"mea-kurse-div50-100\"><b>KURS 2 von 10:40 bis 11:20 Uhr<\/b><br><img decoding=\"async\" src=\"https:\/\/eislauf-moedling.at\/pics\/icons\/mea-max-zahl.png\" style=\"height: 1em; vertical-align: middle;\"> angemeldet: <font style=\"color: #f00; font-weight: bold;\"> 25<\/font> von <b>max. 25<\/b><br><img decoding=\"async\" src=\"https:\/\/eislauf-moedling.at\/pics\/icons\/mea-check.png\" style=\"height: 1em; vertical-align: middle;\"><a href=\"https:\/\/eislauf-moedling.at\/kurse\/?page_id=1731\"> jetzt anmelden<\/a><\/div>\n<div class=\"mea-kurse-div50-100\"><b>KURS 3 von 11:30 bis 12:10 Uhr<\/b><br><img decoding=\"async\" src=\"https:\/\/eislauf-moedling.at\/pics\/icons\/mea-max-zahl.png\" style=\"height: 1em; vertical-align: middle;\"> angemeldet: <font style=\"color: #f00; font-weight: bold;\"> 25<\/font> von <b>max. 25<\/b><br><img decoding=\"async\" src=\"https:\/\/eislauf-moedling.at\/pics\/icons\/mea-check.png\" style=\"height: 1em; vertical-align: middle;\"><a href=\"https:\/\/eislauf-moedling.at\/kurse\/?page_id=1741\"> jetzt anmelden<\/a><\/div>\n<div class=\"mea-kurse-div50-100\"><b>KURS 4 von 12:10 bis 12:50 Uhr<\/b><br><img decoding=\"async\" src=\"https:\/\/eislauf-moedling.at\/pics\/icons\/mea-max-zahl.png\" style=\"height: 1em; vertical-align: middle;\"> angemeldet: <font style=\"color: #090; font-weight: bold;\"> 18<\/font> von <b>max. 25<\/b><br><img decoding=\"async\" src=\"https:\/\/eislauf-moedling.at\/pics\/icons\/mea-check.png\" style=\"height: 1em; vertical-align: middle;\"><a href=\"https:\/\/eislauf-moedling.at\/kurse\/?page_id=1736\"> jetzt anmelden<\/a><\/div>\n<div class=\"mea-kurse-break-clear-15px\"><\/div>\n<div class=\"mea-kurse-div100-100\" style=\"\" >\n<font id=\"kurszeit-titel-div\">FERIENSPIEL 3 (SEMESTERFERIENSPIEL) \/ 2.2., 3.2., 4.2., 5.2. und 6.2. 2026<\/font><br>\n<div class=\"mea-kurse-div50-100\"><b>KURS 1 von 10:00 bis 10:40 Uhr<\/b><br><img decoding=\"async\" src=\"https:\/\/eislauf-moedling.at\/pics\/icons\/mea-max-zahl.png\" style=\"height: 1em; vertical-align: middle;\"> angemeldet: <font style=\"color: #f00; font-weight: bold;\"> 25<\/font> von <b>max. 25<\/b><br><img decoding=\"async\" src=\"https:\/\/eislauf-moedling.at\/pics\/icons\/mea-check.png\" style=\"height: 1em; vertical-align: middle;\"><a href=\"https:\/\/eislauf-moedling.at\/kurse\/?page_id=1753\"> jetzt anmelden<\/a><\/div>\n<div class=\"mea-kurse-div50-100\"><b>KURS 2 von 10:40 bis 11:20 Uhr<\/b><br><img decoding=\"async\" src=\"https:\/\/eislauf-moedling.at\/pics\/icons\/mea-max-zahl.png\" style=\"height: 1em; vertical-align: middle;\"> angemeldet: <font style=\"color: #f00; font-weight: bold;\"> 25<\/font> von <b>max. 25<\/b><br><img decoding=\"async\" src=\"https:\/\/eislauf-moedling.at\/pics\/icons\/mea-check.png\" style=\"height: 1em; vertical-align: middle;\"><a href=\"https:\/\/eislauf-moedling.at\/kurse\/?page_id=1758\"> jetzt anmelden<\/a><\/div>\n<div class=\"mea-kurse-div50-100\"><b>KURS 3 von 11:30 bis 12:10 Uhr<\/b><br><img decoding=\"async\" src=\"https:\/\/eislauf-moedling.at\/pics\/icons\/mea-max-zahl.png\" style=\"height: 1em; vertical-align: middle;\"> angemeldet: <font style=\"color: #090; font-weight: bold;\"> 17<\/font> von <b>max. 25<\/b><br><img decoding=\"async\" src=\"https:\/\/eislauf-moedling.at\/pics\/icons\/mea-check.png\" style=\"height: 1em; vertical-align: middle;\"><a href=\"https:\/\/eislauf-moedling.at\/kurse\/?page_id=1763\"> jetzt anmelden<\/a><\/div>\n<div class=\"mea-kurse-div50-100\"><b>KURS 4 von 12:10 bis 12:50 Uhr<\/b><br><img decoding=\"async\" src=\"https:\/\/eislauf-moedling.at\/pics\/icons\/mea-max-zahl.png\" style=\"height: 1em; vertical-align: middle;\"> angemeldet: <font style=\"color: #090; font-weight: bold;\"> 10<\/font> von <b>max. 25<\/b><br><img decoding=\"async\" src=\"https:\/\/eislauf-moedling.at\/pics\/icons\/mea-check.png\" style=\"height: 1em; vertical-align: middle;\"><a href=\"https:\/\/eislauf-moedling.at\/kurse\/?page_id=1768\"> jetzt anmelden<\/a><\/div>\n<!-- TEMP DISPLAY NONE END--><\/div>\n<\/div>\n\n<\/div>\n<\/div><\/div>\n\n\n","protected":false},"excerpt":{"rendered":"<p>WINTERFERIENSPIELE DER GEMEINDE M\u00d6DLING Wie in den vergangenen Jahren veranstalten wir auch heuer in Zusammenarbeit mit der Gemeinde M\u00f6dling die<\/p>\n","protected":false},"author":1,"featured_media":0,"parent":59,"menu_order":4,"comment_status":"closed","ping_status":"closed","template":"","meta":{"colormag_page_layout":"default_layout","footnotes":""},"class_list":["post-1504","page","type-page","status-publish","hentry"],"_links":{"self":[{"href":"https:\/\/eislauf-moedling.at\/kurse\/index.php?rest_route=\/wp\/v2\/pages\/1504","targetHints":{"allow":["GET"]}}],"collection":[{"href":"https:\/\/eislauf-moedling.at\/kurse\/index.php?rest_route=\/wp\/v2\/pages"}],"about":[{"href":"https:\/\/eislauf-moedling.at\/kurse\/index.php?rest_route=\/wp\/v2\/types\/page"}],"author":[{"embeddable":true,"href":"https:\/\/eislauf-moedling.at\/kurse\/index.php?rest_route=\/wp\/v2\/users\/1"}],"replies":[{"embeddable":true,"href":"https:\/\/eislauf-moedling.at\/kurse\/index.php?rest_route=%2Fwp%2Fv2%2Fcomments&post=1504"}],"version-history":[{"count":158,"href":"https:\/\/eislauf-moedling.at\/kurse\/index.php?rest_route=\/wp\/v2\/pages\/1504\/revisions"}],"predecessor-version":[{"id":3410,"href":"https:\/\/eislauf-moedling.at\/kurse\/index.php?rest_route=\/wp\/v2\/pages\/1504\/revisions\/3410"}],"up":[{"embeddable":true,"href":"https:\/\/eislauf-moedling.at\/kurse\/index.php?rest_route=\/wp\/v2\/pages\/59"}],"wp:attachment":[{"href":"https:\/\/eislauf-moedling.at\/kurse\/index.php?rest_route=%2Fwp%2Fv2%2Fmedia&parent=1504"}],"curies":[{"name":"wp","href":"https:\/\/api.w.org\/{rel}","templated":true}]}}