{"id":1540,"date":"2022-09-15T21:29:19","date_gmt":"2022-09-15T21:29:19","guid":{"rendered":"https:\/\/eislauf-moedling.at\/kurse\/?page_id=1540"},"modified":"2024-09-22T17:27:17","modified_gmt":"2024-09-22T17:27:17","slug":"anmeldeformular-mea-kinderkurse-donnerstag","status":"publish","type":"page","link":"https:\/\/eislauf-moedling.at\/kurse\/?page_id=1540","title":{"rendered":"Anmeldeformular MEA Kinderkurse Donnerstag"},"content":{"rendered":"<p style=\"color: #192E84;font-weight: bold\">KURS AUSGEBUCHT!<br>Dieses Anmeldeformular ist zur Zeit f\u00fcr Eintr\u00e4ge geschlossen, da die maximale Teilnehmerzahl f\u00fcr diesen Kurs erreicht wurde! <br>Falls Sie auf die Warteliste gesetzt werden m\u00f6chten oder andere Fragen bzgl. unserer Kurse haben, wenden Sie sich bitte an Fr. Roenig per E-Mail an <a href=\"mailto:office@eislauf-moedling.at\">office@eislauf-moedling.at<\/a> oder per Telefon unter 069912195404. <br><br> Ihr MEA-Team<\/p>","protected":false},"excerpt":{"rendered":"","protected":false},"author":1,"featured_media":0,"parent":1512,"menu_order":3,"comment_status":"closed","ping_status":"closed","template":"","meta":{"colormag_page_layout":"default_layout","footnotes":""},"class_list":["post-1540","page","type-page","status-publish","hentry"],"_links":{"self":[{"href":"https:\/\/eislauf-moedling.at\/kurse\/index.php?rest_route=\/wp\/v2\/pages\/1540","targetHints":{"allow":["GET"]}}],"collection":[{"href":"https:\/\/eislauf-moedling.at\/kurse\/index.php?rest_route=\/wp\/v2\/pages"}],"about":[{"href":"https:\/\/eislauf-moedling.at\/kurse\/index.php?rest_route=\/wp\/v2\/types\/page"}],"author":[{"embeddable":true,"href":"https:\/\/eislauf-moedling.at\/kurse\/index.php?rest_route=\/wp\/v2\/users\/1"}],"replies":[{"embeddable":true,"href":"https:\/\/eislauf-moedling.at\/kurse\/index.php?rest_route=%2Fwp%2Fv2%2Fcomments&post=1540"}],"version-history":[{"count":2,"href":"https:\/\/eislauf-moedling.at\/kurse\/index.php?rest_route=\/wp\/v2\/pages\/1540\/revisions"}],"predecessor-version":[{"id":2999,"href":"https:\/\/eislauf-moedling.at\/kurse\/index.php?rest_route=\/wp\/v2\/pages\/1540\/revisions\/2999"}],"up":[{"embeddable":true,"href":"https:\/\/eislauf-moedling.at\/kurse\/index.php?rest_route=\/wp\/v2\/pages\/1512"}],"wp:attachment":[{"href":"https:\/\/eislauf-moedling.at\/kurse\/index.php?rest_route=%2Fwp%2Fv2%2Fmedia&parent=1540"}],"curies":[{"name":"wp","href":"https:\/\/api.w.org\/{rel}","templated":true}]}}