{"id":1758,"date":"2022-09-20T11:58:38","date_gmt":"2022-09-20T11:58:38","guid":{"rendered":"https:\/\/eislauf-moedling.at\/kurse\/?page_id=1758"},"modified":"2024-10-27T11:25:40","modified_gmt":"2024-10-27T11:25:40","slug":"anmeldeformular-ferienspiel-3-b","status":"publish","type":"page","link":"https:\/\/eislauf-moedling.at\/kurse\/?page_id=1758","title":{"rendered":"Anmeldeformular Ferienspiel 3 B"},"content":{"rendered":"<p style=\"color: #192E84;font-weight: bold\">KURS AUSGEBUCHT!<br>Dieses Anmeldeformular ist zur Zeit f\u00fcr Eintr\u00e4ge geschlossen, da die maximale Teilnehmerzahl f\u00fcr diesen Kurs erreicht wurde! <br>Falls Sie auf die Warteliste gesetzt werden m\u00f6chten oder andere Fragen bzgl. unserer Kurse haben, wenden Sie sich bitte an Fr. Roenig per E-Mail an <a href=\"mailto:office@eislauf-moedling.at\">office@eislauf-moedling.at<\/a> oder per Telefon unter 069020065849. <br><br> Ihr MEA-Team<\/p>","protected":false},"excerpt":{"rendered":"","protected":false},"author":1,"featured_media":0,"parent":0,"menu_order":0,"comment_status":"closed","ping_status":"closed","template":"","meta":{"colormag_page_layout":"default_layout","footnotes":""},"class_list":["post-1758","page","type-page","status-publish","hentry"],"_links":{"self":[{"href":"https:\/\/eislauf-moedling.at\/kurse\/index.php?rest_route=\/wp\/v2\/pages\/1758","targetHints":{"allow":["GET"]}}],"collection":[{"href":"https:\/\/eislauf-moedling.at\/kurse\/index.php?rest_route=\/wp\/v2\/pages"}],"about":[{"href":"https:\/\/eislauf-moedling.at\/kurse\/index.php?rest_route=\/wp\/v2\/types\/page"}],"author":[{"embeddable":true,"href":"https:\/\/eislauf-moedling.at\/kurse\/index.php?rest_route=\/wp\/v2\/users\/1"}],"replies":[{"embeddable":true,"href":"https:\/\/eislauf-moedling.at\/kurse\/index.php?rest_route=%2Fwp%2Fv2%2Fcomments&post=1758"}],"version-history":[{"count":3,"href":"https:\/\/eislauf-moedling.at\/kurse\/index.php?rest_route=\/wp\/v2\/pages\/1758\/revisions"}],"predecessor-version":[{"id":3146,"href":"https:\/\/eislauf-moedling.at\/kurse\/index.php?rest_route=\/wp\/v2\/pages\/1758\/revisions\/3146"}],"wp:attachment":[{"href":"https:\/\/eislauf-moedling.at\/kurse\/index.php?rest_route=%2Fwp%2Fv2%2Fmedia&parent=1758"}],"curies":[{"name":"wp","href":"https:\/\/api.w.org\/{rel}","templated":true}]}}