{"id":19,"date":"2018-11-16T14:46:18","date_gmt":"2018-11-16T14:46:18","guid":{"rendered":"http:\/\/eislauf-moedling.at\/kurse\/?page_id=19"},"modified":"2025-12-24T18:47:34","modified_gmt":"2025-12-24T18:47:34","slug":"trainer","status":"publish","type":"page","link":"https:\/\/eislauf-moedling.at\/kurse\/?page_id=19","title":{"rendered":"MEA Team"},"content":{"rendered":"\n<div class=\"mea-hauptblock\"><div class=\"mea-textblock\">\n<div class=\"mea-text-titel\">DAS MEA TEAM<\/div><br>\n<div class=\"mea-team-pic\"><img decoding=\"async\" class=\"mea-team-img\" src=\"https:\/\/eislauf-moedling.at\/pics\/team\/peterschuebl.jpg\"><br><font style=\"font-weight: 500\">Peter Sch\u00fcbl<\/font><br>Obmann, Trainer Eistanz<\/div>\n<div class=\"mea-team-pic\"><img decoding=\"async\" class=\"mea-team-img\" src=\"https:\/\/eislauf-moedling.at\/pics\/team\/Christa-Prim.jpg\"><br><font style=\"font-weight: 500\">Christa Prim<\/font><br>Kassiererin<\/div>\n<div class=\"mea-team-pic\"><img decoding=\"async\" class=\"mea-team-img\" src=\"https:\/\/eislauf-moedling.at\/pics\/team\/brigitta-roenig-2023.jpg\"><br><font style=\"font-weight: 500\">Brigitta Roenig<\/font><br>Schriftf\u00fchrerin, \u00dcbungsleiterin<\/div>\n<div class=\"mea-team-pic\"><img decoding=\"async\" class=\"mea-team-img\" src=\"https:\/\/eislauf-moedling.at\/pics\/team\/Anita-Boeck.jpg\"><br><font style=\"font-weight: 500\">Anita B\u00f6ck<\/font> <br>\u00dcbungsleiterin Kinderkurse<\/div>\n<div class=\"mea-team-pic\"><img decoding=\"async\" class=\"mea-team-img\" src=\"https:\/\/eislauf-moedling.at\/pics\/team\/Isabella-Messinger.jpg\"><br><font style=\"font-weight: 500\">Isabella Messinger<\/font><br>Instruktorin Kunstlauf<\/div>\n<div class=\"mea-team-pic\"><img decoding=\"async\" class=\"mea-team-img\" src=\"https:\/\/eislauf-moedling.at\/pics\/team\/Susanna-Konrath.jpg\"><br><font style=\"font-weight: 500\">Susanna Konrath<\/font><br>Trainerin Kunstlauf <\/div>\n<div class=\"mea-team-pic\"><img decoding=\"async\" class=\"mea-team-img\" src=\"https:\/\/eislauf-moedling.at\/pics\/team\/Gabi-Seiner.jpg\"><br><font style=\"font-weight: 500\">Gaby Seiner<\/font><br>\u00dcbungsleiterin <\/div>\n<div class=\"mea-team-pic\"><img decoding=\"async\" class=\"mea-team-img\" src=\"https:\/\/eislauf-moedling.at\/pics\/team\/Brigitte-Haertel.jpg\"><br><font style=\"font-weight: 500\">Brigitte H\u00e4rtl<\/font><br>Trainerin Eistanz<\/div>\n<div class=\"mea-team-pic\"><img decoding=\"async\" class=\"mea-team-img\" src=\"https:\/\/eislauf-moedling.at\/pics\/team\/Ivan-Koytschev.jpg\"><br><font style=\"font-weight: 500\">Ivan Koytschev<\/font><br>Web-Administrator<\/div>\n<\/div><\/div>\n","protected":false},"excerpt":{"rendered":"<p>DAS MEA TEAM Peter Sch\u00fcblObmann, Trainer Eistanz Christa PrimKassiererin Brigitta RoenigSchriftf\u00fchrerin, \u00dcbungsleiterin Anita B\u00f6ck \u00dcbungsleiterin Kinderkurse Isabella MessingerInstruktorin Kunstlauf Susanna<\/p>\n","protected":false},"author":1,"featured_media":0,"parent":0,"menu_order":4,"comment_status":"closed","ping_status":"closed","template":"","meta":{"colormag_page_layout":"default_layout","footnotes":""},"class_list":["post-19","page","type-page","status-publish","hentry"],"_links":{"self":[{"href":"https:\/\/eislauf-moedling.at\/kurse\/index.php?rest_route=\/wp\/v2\/pages\/19","targetHints":{"allow":["GET"]}}],"collection":[{"href":"https:\/\/eislauf-moedling.at\/kurse\/index.php?rest_route=\/wp\/v2\/pages"}],"about":[{"href":"https:\/\/eislauf-moedling.at\/kurse\/index.php?rest_route=\/wp\/v2\/types\/page"}],"author":[{"embeddable":true,"href":"https:\/\/eislauf-moedling.at\/kurse\/index.php?rest_route=\/wp\/v2\/users\/1"}],"replies":[{"embeddable":true,"href":"https:\/\/eislauf-moedling.at\/kurse\/index.php?rest_route=%2Fwp%2Fv2%2Fcomments&post=19"}],"version-history":[{"count":36,"href":"https:\/\/eislauf-moedling.at\/kurse\/index.php?rest_route=\/wp\/v2\/pages\/19\/revisions"}],"predecessor-version":[{"id":2874,"href":"https:\/\/eislauf-moedling.at\/kurse\/index.php?rest_route=\/wp\/v2\/pages\/19\/revisions\/2874"}],"wp:attachment":[{"href":"https:\/\/eislauf-moedling.at\/kurse\/index.php?rest_route=%2Fwp%2Fv2%2Fmedia&parent=19"}],"curies":[{"name":"wp","href":"https:\/\/api.w.org\/{rel}","templated":true}]}}