{"id":2027,"date":"2023-03-16T10:22:10","date_gmt":"2023-03-16T10:22:10","guid":{"rendered":"https:\/\/eislauf-moedling.at\/kurse\/?page_id=2027"},"modified":"2025-08-14T11:57:36","modified_gmt":"2025-08-14T11:57:36","slug":"mea-rollschuhkurse","status":"publish","type":"page","link":"https:\/\/eislauf-moedling.at\/kurse\/?page_id=2027","title":{"rendered":"MEA Rollschuhlaufkurse"},"content":{"rendered":"\n<div class=\"mea-hauptblock\">\n<img decoding=\"async\" src=\"https:\/\/eislauf-moedling.at\/pics\/2023\/mea-kinderkurse-roller-2023.jpg\" width=\"100%\">\n<div style=\"display: block; width: 100%; height: 1em;\"><\/div>\n<div class=\"mea-textblock\">\n<div class=\"mea-text-titel\" style=\"background-color: #fffeb5\">MEA ROLLSCHUHLAUFKURSE<\/div><br>\nWir freuen uns, die Einf\u00fchrung der neuen Rollschuhlaufkurse, die im Fr\u00fchjahr 2023 zum ersten Mal stattfanden, bekannt zu geben!<br>\nDie Kurse wurden speziell f\u00fcr L\u00e4ufer:innen entwickelt, die ihr Kunstlauf-Repertoire erweitern m\u00f6chten und neue F\u00e4higkeiten erlernen wollen.<br>\nUnsere Trainer:innen werden euch die Grundlangen des Rollschuhlaufens und Tanzens vermitteln, und erm\u00f6glichen euch somit durch Kombinationen aus praktischen \u00dcbungen, die Techniken auf der Rollerbahn kennenzulernen und zu perfektionieren. Sowohl f\u00fcr Anf\u00e4nger:innen, als auch f\u00fcr Fortgeschrittene bieten die Kurse eine perfekte Gelegenheit, das Rollschuhlaufen w\u00e4hrend der Herbstsaison zu erlernen.<br>\nEs werden zun\u00e4chst zwei Terminm\u00f6glichkeiten angeboten, die sich jeweils an Kinder, bzw. Jugendliche sowie an Erwachsene richten.<br>\n<font style=\"\"><em>WICHTIG: Teilnahme am Kurs bedingt Rollschuhe (&#8222;Quads&#8220;)!<\/em>\nInline-Skaten ist auf der Bahn generell erlaubt, jedoch in unseren Kursen wird die Technik auf den Rollschuhen unterrichtet.<\/font> <br>\n<font style=\"\"><em>VERLEIH: Im Shop der Firma WIFA bei der Rollerbahn werden Leihschuhe und Schutzausr\u00fcstung zu den Kurszeiten verf\u00fcgbar sein (limitierte St\u00fcckzahl!).<\/em><\/font><br>\n<em>ACHTUNG: Helmpflicht f\u00fcr Kinder bis 12J.! Eine Schutzausr\u00fcstung (Handgelenk-, Ellenbogen- &amp; Knieschutz) empfohlen!<\/em>\n\n<div class=\"mea-text-titel\" style=\"background-color: #fffeb5; display: none;\">ANMELDUNG F\u00dcR DIE ROLLSCHUHLAUFKURSE HERBST 2023<\/div><br>\n<div style=\"background-color: #fffeb5; padding: 0.5em; border: 2px solid; border-radius: 1em; display: none;\">\n<font style=\"color: #ff7100; font-weight: bold;\">Ab Montag, 25.9.2023, ist das Rollschuhlaufen im Stadtbad M\u00f6dling bis zu Beginn der Eissaison wieder m\u00f6glich.<br>\nAuf  Grund der kurzen Verf\u00fcgbarkeit und wahrscheinlichen Wetterabh\u00e4ngigkeit werden wir keine Kurse veranstalten, wir freuen uns jedoch auf die Kurse im Fr\u00fchjahr 2024. Weitere Informationen werden wir rechtzeitig bekannt geben. <\/font>\n<\/div>\n<div style=\"display: none;>\n<em><font style=\"\">KURSBEGINN<\/font>: <b>21.3.2023<\/b> (unter dem Vorbehalt optimaler Rollerbahnverh\u00e4ltnisse! Bei Regen muss der Kurs aus technischen Gr\u00fcnden leider ersatzlos ausfallen!)<br>\n<font style=\"\">KURSENDE<\/font>: <b>14.5.2023<\/b><br><font style=\"\">KURSGEB\u00dcHR<\/font>: <b>\u20ac 60,-<\/b><\/em><br><br>\n<font style=\"font-weight: 400;\">Eintrittspreise Rollerbahn<\/font><br>\n<b>Kinder: \u20ac 1,50<br>\nBegleitperson: \u20ac 1,50<\/b><\/div>\n<br><br>\n<div style=\"border: 2px solid; border-radius: 1em;\"><div style=\"padding: 0.5em; font-weight: bold;\">ACHTUNG: bei <font style=\"color: #f00;\">ausgebuchten Kursen<\/font> ist die Online-Anmeldung nicht mehr m\u00f6glich! Falls Sie auf eine Warteliste gesetzt werden m\u00f6chten, wenden Sie sich bitte direkt an Fr. Roenig per E-Mail an <a href=\"mailto:office@eislauf-moedling.at\">office@eislauf-moedling.at<\/a> oder per Telefon unter 069020065849.<\/div> <\/div><br>\n<div class=\"mea-kurse-div100-100\">\n\t<div class=\"mea-kurse-div50-100\" style=\"display: none;>\n\t\t<font id=\"kurszeit-titel-div\" style=\"background-color: #fffeb5\"> DIENSTAG von 16:00 bis 18:00 Uhr <br> Kinder (ab 5J.) &amp; Jugendliche <\/font> <br><img decoding=\"async\" src=\"https:\/\/eislauf-moedling.at\/pics\/icons\/mea-max-zahl.png\" style=\"height: 1em; vertical-align: middle;\"> angemeldet: <font style=\"color: #0b0; font-weight: bold;\"> 0<\/font> von <b>max. 20<\/b><br><img decoding=\"async\" src=\"https:\/\/eislauf-moedling.at\/pics\/icons\/mea-check.png\" style=\"height: 1em; vertical-align: middle;\"><a href=\"https:\/\/eislauf-moedling.at\/kurse\/?page_id=2043\"> jetzt anmelden<\/a>\n\t<\/div>\n\t<div class=\"mea-kurse-div50-100\" style=\"display: none;>\n\t<font id=\"kurszeit-titel-div\" style=\"background-color: #fffeb5\"> DONNERSTAG von 18:00 bis 20:00 Uhr <br> Jugendliche &amp; Erwachsene <\/font><br><img decoding=\"async\" src=\"https:\/\/eislauf-moedling.at\/pics\/icons\/mea-max-zahl.png\" style=\"height: 1em; vertical-align: middle;\"> angemeldet: <font style=\"color: #0b0; font-weight: bold;\"> 0<\/font> von <b>max. 20<\/b> <br><img decoding=\"async\" src=\"https:\/\/eislauf-moedling.at\/pics\/icons\/mea-check.png\" style=\"height: 1em; vertical-align: middle;\"><a href=\"https:\/\/eislauf-moedling.at\/kurse\/?page_id=2045\"> jetzt anmelden<\/a>\n\t<\/div>\n\t\n\n\t\n<br>\n\t\n<div style=\"border: 2px solid #192e84; padding: 10px;\"><font style=\"font-weight: bold\">Bezahlung der Kurse<\/font>:<br>\nDer erste Kurstag kann auf Wunsch als Schnuppertag verwendet werden, ab dem zweiten Kurstag muss ein Zahlungsbeleg (Erlagschein oder \u00dcberweisungsbeleg) vorgezeigt werden.\nWir ersuchen Sie mittels \u00dcberweisung zu bezahlen. <br><b>MEA Kontoinformationen: <br>\u00d6TB Turnverein M\u00f6dling Abt. Eislaufen<br>AT61 1200 0006 3029 7703<\/b>.<\/div>\n\n\n<\/div>\n<\/div><\/div>\n","protected":false},"excerpt":{"rendered":"<p>MEA ROLLSCHUHLAUFKURSE Wir freuen uns, die Einf\u00fchrung der neuen Rollschuhlaufkurse, die im Fr\u00fchjahr 2023 zum ersten Mal stattfanden, bekannt zu<\/p>\n","protected":false},"author":1,"featured_media":0,"parent":59,"menu_order":1,"comment_status":"closed","ping_status":"closed","template":"","meta":{"colormag_page_layout":"default_layout","footnotes":""},"class_list":["post-2027","page","type-page","status-publish","hentry"],"_links":{"self":[{"href":"https:\/\/eislauf-moedling.at\/kurse\/index.php?rest_route=\/wp\/v2\/pages\/2027","targetHints":{"allow":["GET"]}}],"collection":[{"href":"https:\/\/eislauf-moedling.at\/kurse\/index.php?rest_route=\/wp\/v2\/pages"}],"about":[{"href":"https:\/\/eislauf-moedling.at\/kurse\/index.php?rest_route=\/wp\/v2\/types\/page"}],"author":[{"embeddable":true,"href":"https:\/\/eislauf-moedling.at\/kurse\/index.php?rest_route=\/wp\/v2\/users\/1"}],"replies":[{"embeddable":true,"href":"https:\/\/eislauf-moedling.at\/kurse\/index.php?rest_route=%2Fwp%2Fv2%2Fcomments&post=2027"}],"version-history":[{"count":55,"href":"https:\/\/eislauf-moedling.at\/kurse\/index.php?rest_route=\/wp\/v2\/pages\/2027\/revisions"}],"predecessor-version":[{"id":3247,"href":"https:\/\/eislauf-moedling.at\/kurse\/index.php?rest_route=\/wp\/v2\/pages\/2027\/revisions\/3247"}],"up":[{"embeddable":true,"href":"https:\/\/eislauf-moedling.at\/kurse\/index.php?rest_route=\/wp\/v2\/pages\/59"}],"wp:attachment":[{"href":"https:\/\/eislauf-moedling.at\/kurse\/index.php?rest_route=%2Fwp%2Fv2%2Fmedia&parent=2027"}],"curies":[{"name":"wp","href":"https:\/\/api.w.org\/{rel}","templated":true}]}}