{"id":2502,"date":"2023-08-05T22:05:00","date_gmt":"2023-08-05T22:05:00","guid":{"rendered":"https:\/\/eislauf-moedling.at\/kurse\/?page_id=2502"},"modified":"2023-08-05T22:09:08","modified_gmt":"2023-08-05T22:09:08","slug":"2502-2","status":"publish","type":"page","link":"https:\/\/eislauf-moedling.at\/kurse\/?page_id=2502","title":{"rendered":"MEA Saison 2021\/22"},"content":{"rendered":"\n<div class=\"mea-hauptblock\"><br>\n<div class=\"mea-textblock\"><div class=\"mea-text-titel\">MEA SAISON 2021\/2022<\/div>\n<\/div>\n<\/div>\n\n\n\n<div class=\"mea-text-main2\">\n<iframe loading=\"lazy\" allow=\"accelerometer; clipboard-write; encrypted-media; gyroscope; picture-in-picture\" allowfullscreen=\"\" class=\"wifa-video-div\" src=\"https:\/\/www.youtube.com\/embed\/kHp4-y3qOAw?rel=0&amp;mute=1;showinfo=0;&amp;autoplay;\" title=\"YouTube video player\" width=\"100%\" height=\"500px\" frameborder=\"0\"><\/iframe>\n\n<\/div>\n<div class=\"mea-text-main1\"><div class=\"mea-text-main1div\">\n<div style=\"display: block; height: 5px;\"><\/div>\n<b>Wir schauen auf eine sehr erfolgreiche Saison 2021\/22 zur\u00fcck und freuen uns, dass der Eissport trotz schwieriger Lage so viele begeisterte Sportler:innen auf die Kunsteisbahn in M\u00f6dling gef\u00fchrt hat!<\/b><br>\nUnsere Kinderkurse sowie die Ferienspielkurse der Gemeinde M\u00f6dling haben sich wieder gro\u00dfer Beliebtheit erfreut. <br>Besonders freuen uns die zahlreichen Teilnehmer:innen des Erwachsenenkurses f\u00fcr Eislaufen und Eistanzen \u2013 wir bedanken uns sowohl bei den Anf\u00e4nger:innen als auch der Fortgeschrittenen f\u00fcr die tolle Motivation und freuen uns auf ein Wiedersehen in der n\u00e4chsten Saison!<br>\n<b>Ihr MEA-Team<\/b>\n<\/div><\/div>\n<div style=\"display: block; height: 15px; clear: both;\"><\/div>\n<div style=\"background-color: #fff; padding: 0;\">\n<div style=\"display: block; height: 5px;\"><\/div>\n<div style=\"display: block; height: 15px;\"><\/div> \n\n<\/div>\n","protected":false},"excerpt":{"rendered":"<p>MEA SAISON 2021\/2022 Wir schauen auf eine sehr erfolgreiche Saison 2021\/22 zur\u00fcck und freuen uns, dass der Eissport trotz schwieriger<\/p>\n","protected":false},"author":1,"featured_media":0,"parent":0,"menu_order":0,"comment_status":"closed","ping_status":"closed","template":"","meta":{"colormag_page_layout":"default_layout","footnotes":""},"class_list":["post-2502","page","type-page","status-publish","hentry"],"_links":{"self":[{"href":"https:\/\/eislauf-moedling.at\/kurse\/index.php?rest_route=\/wp\/v2\/pages\/2502","targetHints":{"allow":["GET"]}}],"collection":[{"href":"https:\/\/eislauf-moedling.at\/kurse\/index.php?rest_route=\/wp\/v2\/pages"}],"about":[{"href":"https:\/\/eislauf-moedling.at\/kurse\/index.php?rest_route=\/wp\/v2\/types\/page"}],"author":[{"embeddable":true,"href":"https:\/\/eislauf-moedling.at\/kurse\/index.php?rest_route=\/wp\/v2\/users\/1"}],"replies":[{"embeddable":true,"href":"https:\/\/eislauf-moedling.at\/kurse\/index.php?rest_route=%2Fwp%2Fv2%2Fcomments&post=2502"}],"version-history":[{"count":6,"href":"https:\/\/eislauf-moedling.at\/kurse\/index.php?rest_route=\/wp\/v2\/pages\/2502\/revisions"}],"predecessor-version":[{"id":2511,"href":"https:\/\/eislauf-moedling.at\/kurse\/index.php?rest_route=\/wp\/v2\/pages\/2502\/revisions\/2511"}],"wp:attachment":[{"href":"https:\/\/eislauf-moedling.at\/kurse\/index.php?rest_route=%2Fwp%2Fv2%2Fmedia&parent=2502"}],"curies":[{"name":"wp","href":"https:\/\/api.w.org\/{rel}","templated":true}]}}