{"id":59,"date":"2018-11-16T16:06:32","date_gmt":"2018-11-16T16:06:32","guid":{"rendered":"http:\/\/eislauf-moedling.at\/kurse\/?page_id=59"},"modified":"2024-08-20T10:46:44","modified_gmt":"2024-08-20T10:46:44","slug":"willkommen-bei-mea","status":"publish","type":"page","link":"https:\/\/eislauf-moedling.at\/kurse\/?page_id=59","title":{"rendered":"MEA Kurse"},"content":{"rendered":"\n<div class=\"mea-hauptblock\">\n<div class=\"mea-textblock\">\n<div class=\"mea-text-titel\">WISSENSWERTES \u00dcBER UNSERE EISLAUFKURSE<\/div><br>\nDie MEA Eislauf-<b>Kinderkurse<\/b> beginnen ab dem Alter von 3 Jahren. Wichtige Voraussetzung f\u00fcr richtiges Lernen ist die Ausr\u00fcstung &#8211; das sind vor allem nach M\u00f6glichkeit Leder-Eislaufschuhe mit festem Kn\u00f6chelhalt und Zacken.<br>\nDer Schlittschuhverleih auf der Kunsteisbahn steht Ihnen gerne mit guten Leihschuhen und fachlicher Beratung zur Verf\u00fcgung.<br>\nErforderlich au\u00dferdem sind warme Handschuhe, ein Sturzhelm oder eine feste Kopfbedeckung (Haube).<br><br>\nWie in den vergangenen Jahren veranstalten wir auch heuer in Zusammenarbeit mit der <font style=\"font-weight: bold\">Gemeinde M\u00f6dling<\/font> die sehr beliebten <font style=\"font-weight: bold\">Winterferienspielkurse<\/font>, die zur Weihnachtszeit und w\u00e4hrend der Semesterferien stattfinden. Wir vermitteln dabei Kindern und Jugendlichen von 3 bis 16 Jahren auf spielerische Art, in aufgeteilten Gruppen, Spa\u00df und K\u00f6nnen am Eislaufsport. Bitte beachten Sie, dass eine rechtzeitige Anmeldung erforderlich ist, da die Teilnehmerzahl begrenzt ist und die Pl\u00e4tze schnell ausgebucht sind.\n<br><br>\nEiskunstlauf und Eistanzen ist in jedem Alter erlernbar und unser staatlich gepr\u00fcftes Trainer-Team freut sich auf jeden eissportbegeisterten Teilnehmer bei unseren <b>Hobby- und Erwachsenenkursen<\/b>. <br>\nF\u00fcr die Teilnahme an diesen Kursen sind unbedingt Eiskunstlaufschuhe erforderlich.<br>\n<br><div style=\"border: 2px solid #192e84; padding: 10px;\"><font style=\"text-decoration: underline; font-weight: bold\">Bezahlung der Kurse<\/font>:<br>\nDer erste Kurstag kann auf Wunsch als Schnuppertag verwendet werden, ab dem zweiten Kurstag muss ein Zahlungsbeleg (Erlagschein oder \u00dcberweisungsbeleg) vorgezeigt werden.\nWir ersuchen Sie auf Grund der Covid-19-Anordnung von Bargeldbezahlung Abstand zu nehmen und stattdessen eine \u00dcberweisung durchzuf\u00fchren. <br>MEA Kontoinformationen: <br><b>\u00d6TB Turnverein M\u00f6dling Abt. Eislaufen<br>AT61 1200 0006 3029 7703<\/b>.<\/div><br><br>\n<div style=\"\">\n<div class=\"mea-text-titel\">KINDERKURSE<\/div><br>\n<em><font style=\"text-decoration: underline;\">KURSBEGINN<\/font>: <b>3.11.2022<\/b> (unter dem Vorbehalt optimaler Eisbahnverh\u00e4ltnisse!)<br>\n<font style=\"text-decoration: underline;\">KURSENDE<\/font>: <b>2.3.2023<\/b><br><font style=\"text-decoration: underline;\">KURSGEB\u00dcHR<\/font>: <b>\u20ac 110,-<\/b><\/em><br><br>\n<font style=\"text-decoration: underline; font-weight: 400;\">Eintrittspreise Eisbahn<\/font><br>\n<b>Kinder: \u20ac 2,00<br>\nBegleitperson: \u20ac 3,00<\/b>\n<br><br>\n<table>\n<tbody><tr><td colspan=\"2\"><em>KURSZEITEN<\/em><\/td><\/tr>\n<tr><td class=\"td-left\">DIENSTAG:<\/td><td class=\"td-right\">von 17:00 bis 17:40 Uhr<\/td><\/tr>\n<tr><td class=\"td-left\">MITTWOCH:<\/td><td class=\"td-right\">von 15:40 bis 16:20 Uhr<\/td><\/tr>\n<tr><td class=\"td-left\">DONNERSTAG:<\/td><td class=\"td-right\">von 17:00 bis 17:40 Uhr<\/td><\/tr>\n<tr><td class=\"td-left\">FREITAG:<\/td><td class=\"td-right\">von 15:40 bis 16:20 Uhr<\/td><\/tr>\n<tr><td class=\"td-left\">SAMSTAG:<\/td>\n<td class=\"td-right\">von 10:45 bis 11:25 Uhr<br>\nvon 11:25 bis 12:05 Uhr<br>\nvon 12:15 bis 12:55 Uhr \/ Basiskurs Kunstlauf bis 16 Jahre<br>\nvon 12:55 bis 13:35 Uhr \/ Basiskurs Kunstlauf bis 16 Jahre<\/td><\/tr>\n<\/tbody><\/table>\n<br><br>\n<div class=\"mea-text-titel\">PSYCHOMOTORISCHES EISLAUFEN<\/div><br>\nPsychomotorische Entwicklungsf\u00f6rderung durch Eislaufen \u2013 Kurs f\u00fcr Kinder mit erh\u00f6htem F\u00f6rderbedarf.<br>\n<b>Kursleitung: Gabi Seiner MA.<\/b><br>\nElementarp\u00e4dagogin, Psychomotorikerin, Diplom f\u00fcr sensorische Integration, \u00dcbungsleiterin\/Eiskunstlauf\n<br>\n<em><font style=\"text-decoration: underline;\">KURSBEGINN<\/font>: <b>3.11.2022<\/b> (unter dem Vorbehalt optimaler Eisbahnverh\u00e4ltnisse!)<br>\n<font style=\"text-decoration: underline;\">KURSENDE<\/font>: <b>2.3.2023<\/b><br><font style=\"text-decoration: underline;\">KURSGEB\u00dcHR<\/font>: <b>\u20ac 110,-<\/b><\/em><br><br>\n<font style=\"text-decoration: underline; font-weight: 400;\">Eintrittspreise Eisbahn<\/font><br>\n<b>Kinder: \u20ac 2,00<br>\nBegleitperson: \u20ac 3,00<\/b>\n<br><br>\n<table>\n<tbody><tr><td colspan=\"2\"><em>KURSZEITEN<\/em><\/td><\/tr>\n<tr><td class=\"td-left\">MONTAG:<\/td><td class=\"td-right\">von 14:10 &#8211; 14:50 Uhr (Max. 8 Kinder je Gruppe)<\/td><\/tr>\n<tr><td class=\"td-left\">DONNERSTAG:<\/td><td class=\"td-right\">von 15:40 &#8211; 16:20 Uhr (Max. 8 Kinder je Gruppe)<\/td><\/tr>\n<\/tbody><\/table><br>\n<br><br>\n<div class=\"mea-text-titel\">HOBBY- UND ERWACHSENEN-EISTANZ<\/div><br>\n<em><font style=\"text-decoration: underline;\">BEGINN<\/font>: <b>3.11.2022<\/b> (unter dem Vorbehalt optimaler Eisbahnverh\u00e4ltnisse!)<br>\n<font style=\"text-decoration: underline;\">ENDE<\/font>: <b>2.3.2023<\/b><br><font style=\"text-decoration: underline;\">GEB\u00dcHR<\/font>: <b>\u20ac 170,00<\/b><\/em><br><br>\n<table>\n<tbody><tr><td colspan=\"2\"><em>TRAININGSZEITEN<\/em><\/td><\/tr>\n<tr><td class=\"td-left\">DONNERSTAG:<\/td><td class=\"td-right\">von 20:10 bis 21:50 Uhr (ab 16 Jahre)<\/td><\/tr>\n<\/tbody><\/table><br>\n<br>\n<div class=\"mea-text-titel\">WINTERFERIENSPIELE DER GEMEINDE M\u00d6DLING<\/div><br>\n<em><font style=\"text-decoration: underline;\">KURSGEB\u00dcHR<\/font>: <b>\u20ac 50,00<\/b><\/em><br>\nDie Gemeinde M\u00f6dling \u00fcbernimmt f\u00fcr in M\u00f6dling gemeldete Kinder den <font style=\"text-decoration: underline\">halben<\/font> Kursbeitrag pro Kind f\u00fcr <font style=\"text-decoration: underline\">einen<\/font> Winterferienspiel-Kurs. <b>Achtung:<\/b> die Bezahlung (\u20ac 25,00) erfolgt coronabedingt bis auf weiteres direkt an die M\u00f6dlinger Eislaufabteilung!<br> Wir ersuchen <font style=\"text-decoration: underline;\"> auch alle anderen<\/font> Teilnehmer an unseren Kursen aufgrund der Covid-19-Anordnung von Bargeldbezahlung Abstand zu nehmen und stattdessen eine \u00dcberweisung durchzuf\u00fchren. <br><font style=\"text-decoration: underline; font-style: italic;\">MEA KONTOINFORMATION:<\/font> <br><b>\u00d6TB Turnverein M\u00f6dling Abt. Eislaufen<br>AT61 1200 0006 3029 7703<\/b>.<br> Der Zahlungsbeleg und Meldenachweis f\u00fcr Teilnehmer der Gemeinde M\u00f6dling m\u00fcssen am ersten Kurstag vor Kursbeginn vorgelegt werden.<br><br>\n<font style=\"text-decoration: underline; font-weight: 400;\">Eintrittspreise Eisbahn<\/font><br>\n<b>Kinder: \u20ac 2,00<br>\nBegleitperson: \u20ac 3,00<\/b>\n<br><br>\n<font style=\"display: none; color: #f00; font-weight: bold\">Achtung: diese Kurse sind bereits zur G\u00e4nze ausgebucht!<\/font>\n<table>\n<tbody><tr><td colspan=\"2\"><em>KURSTERMINE<\/em><\/td><\/tr>\n<tr><td class=\"td-left\">FERIENSPIEL 1 (WEIHNACHTSFERIENSPIEL):<\/td><td class=\"td-right\">24.12., 27.12., 28.12. 29.12. und 30.12.2022<\/td><\/tr>\n<tr><td colspan=\"2\"><\/td><\/tr>\n<tr><td class=\"td-left\">FERIENSPIEL 2 (NEUJAHRS-FERIENSPIEL):<\/td><td class=\"td-right\">31.12.2022, 2.1., 3.1., 4.1. und 5.1.2023<\/td><\/tr>\n<tr><td colspan=\"2\"><\/td><\/tr>\n<tr><td class=\"td-left\">FERIENSPIEL 3 (SEMESTERFERIENSPIEL):<\/td><td class=\"td-right\">6.2., 7.2., 8.2., 9.2., und 10.2.2023<\/td><\/tr>\n<tr><td colspan=\"2\"><\/td><\/tr>\n<tr><td colspan=\"2\"><em>KURSZEITEN<\/em><\/td><\/tr>\n<tr><td colspan=\"2\">jeweils <br>von 10:00 bis 10:40 Uhr<br> von 10:40 bis 11:20 Uhr<br>von 11:30 bis 12:10 Uhr <br>von 12:20 bis 13:00 Uhr <\/td><\/tr>\n<\/tbody><\/table>\n<\/div>\n<\/div>\n<\/div>\n\n\n\n<p><\/p>\n","protected":false},"excerpt":{"rendered":"<p>WISSENSWERTES \u00dcBER UNSERE EISLAUFKURSE Die MEA Eislauf-Kinderkurse beginnen ab dem Alter von 3 Jahren. Wichtige Voraussetzung f\u00fcr richtiges Lernen ist<\/p>\n","protected":false},"author":1,"featured_media":0,"parent":0,"menu_order":2,"comment_status":"closed","ping_status":"closed","template":"","meta":{"colormag_page_layout":"default_layout","footnotes":""},"class_list":["post-59","page","type-page","status-publish","hentry"],"_links":{"self":[{"href":"https:\/\/eislauf-moedling.at\/kurse\/index.php?rest_route=\/wp\/v2\/pages\/59","targetHints":{"allow":["GET"]}}],"collection":[{"href":"https:\/\/eislauf-moedling.at\/kurse\/index.php?rest_route=\/wp\/v2\/pages"}],"about":[{"href":"https:\/\/eislauf-moedling.at\/kurse\/index.php?rest_route=\/wp\/v2\/types\/page"}],"author":[{"embeddable":true,"href":"https:\/\/eislauf-moedling.at\/kurse\/index.php?rest_route=\/wp\/v2\/users\/1"}],"replies":[{"embeddable":true,"href":"https:\/\/eislauf-moedling.at\/kurse\/index.php?rest_route=%2Fwp%2Fv2%2Fcomments&post=59"}],"version-history":[{"count":233,"href":"https:\/\/eislauf-moedling.at\/kurse\/index.php?rest_route=\/wp\/v2\/pages\/59\/revisions"}],"predecessor-version":[{"id":2971,"href":"https:\/\/eislauf-moedling.at\/kurse\/index.php?rest_route=\/wp\/v2\/pages\/59\/revisions\/2971"}],"wp:attachment":[{"href":"https:\/\/eislauf-moedling.at\/kurse\/index.php?rest_route=%2Fwp%2Fv2%2Fmedia&parent=59"}],"curies":[{"name":"wp","href":"https:\/\/api.w.org\/{rel}","templated":true}]}}