{"id":99,"date":"2019-07-31T22:38:01","date_gmt":"2019-07-31T22:38:01","guid":{"rendered":"http:\/\/eislauf-moedling.at\/kurse\/?page_id=99"},"modified":"2020-09-18T09:36:02","modified_gmt":"2020-09-18T09:36:02","slug":"links","status":"publish","type":"page","link":"https:\/\/eislauf-moedling.at\/kurse\/?page_id=99","title":{"rendered":"Links"},"content":{"rendered":"\n<div class=\"mea-hauptblock\">\n<div class=\"mea-textblock\"><div class=\"mea-text-titel\">MEA LINKS<\/div>\n<br>\n<font style=\"font-weight: 500\">Freizeitzentrum Stadtbad M\u00f6dling<\/font><br>\nN\u00fctzliche Informationen zum Schwimmen, Saunieren und Eislaufen auf der offiziellen Website des Stadtbades M\u00f6dling.<br>\n<a href=\"https:\/\/www.moedling.at\/Freizeit\/Erleben\/Stadtbad_Eislaufplatz\" target=\"_blank\" rel=\"noopener noreferrer\">moedling.at\/Freizeit\/Erleben\/Stadtbad_Eislaufplatz<\/a><br><br>\n<font style=\"font-weight: 500\">WIFA Schuhfabrik Franz Wittmann &amp; Co Gesellschaft m.b.H.<\/font><br>\nDie Firma WIFA ist einer der gr\u00f6\u00dften Hersteller von Eiskunstlaufschuhen im deutschsprachigen Raum mit Sitz in Wien. Auf der Website finden Sie alle Infos \u00fcber WIFAs Qualt\u00e4tsschuhe aus Leder und k\u00f6nnen gleich online shoppen, inklusive Zubeh\u00f6r f\u00fcr das Eislaufen.<br>\n<a href=\"https:\/\/www.wifa.at\" target=\"_blank\" rel=\"noopener noreferrer\">wifa.at<\/a><br><br>\n<font style=\"font-weight: 500\">SKATE AUSTRIA<\/font><br>\nDer \u00f6sterreichische Fachverband  f\u00fcr Eiskunstlaufen ist der Dachverband f\u00fcr die einzelnen Landesverb\u00e4nde. Auf der Website finden Sie aktuelle Informationen \u00fcber Wettbewerbe, Ausschreibungen und andere Aktivit\u00e4ten rundum um den Eiskunstlauf in \u00d6sterreich.<br>\n<a href=\"https:\/\/www.skateaustria.at\" target=\"_blank\" rel=\"noopener noreferrer\">skateaustria.at<\/a><br><br>\n<font style=\"font-weight: 500\">ISU<\/font><br>\nISU ist der internationale Eislaufverband, der das  Geschehen und die Wettk\u00e4mpfe weltweit regelt. Auf der Website finden Sie Angaben \u00fcber Meisterschaften, Resultate etc.<br>\n<a href=\"https:\/\/www.isu.org\" target=\"_blank\" rel=\"noopener noreferrer\">isu.org<\/a><br><br>\n<font style=\"font-weight: 500\">\u00d6TB Turnverein M\u00f6dling<\/font><br>\nDurch das vielseitige Angebot im Breitensport bietet der \u00d6TB-Turnverein eine einzigartige M\u00f6glichkeit der lebenslangen Sportaus\u00fcbung von der Kindheit bis ins hohe Alter.\n<br>\n<a href=\"https:\/\/www.turnvereinmoedling.at\" target=\"_blank\" rel=\"noopener noreferrer\">turnvereinmoedling.at<\/a>\n<\/div><\/div>\n\n\n\n<p><\/p>\n","protected":false},"excerpt":{"rendered":"<p>MEA LINKS Freizeitzentrum Stadtbad M\u00f6dling N\u00fctzliche Informationen zum Schwimmen, Saunieren und Eislaufen auf der offiziellen Website des Stadtbades M\u00f6dling. moedling.at\/Freizeit\/Erleben\/Stadtbad_Eislaufplatz<\/p>\n","protected":false},"author":1,"featured_media":0,"parent":0,"menu_order":6,"comment_status":"closed","ping_status":"closed","template":"","meta":{"colormag_page_layout":"default_layout","footnotes":""},"class_list":["post-99","page","type-page","status-publish","hentry"],"_links":{"self":[{"href":"https:\/\/eislauf-moedling.at\/kurse\/index.php?rest_route=\/wp\/v2\/pages\/99","targetHints":{"allow":["GET"]}}],"collection":[{"href":"https:\/\/eislauf-moedling.at\/kurse\/index.php?rest_route=\/wp\/v2\/pages"}],"about":[{"href":"https:\/\/eislauf-moedling.at\/kurse\/index.php?rest_route=\/wp\/v2\/types\/page"}],"author":[{"embeddable":true,"href":"https:\/\/eislauf-moedling.at\/kurse\/index.php?rest_route=\/wp\/v2\/users\/1"}],"replies":[{"embeddable":true,"href":"https:\/\/eislauf-moedling.at\/kurse\/index.php?rest_route=%2Fwp%2Fv2%2Fcomments&post=99"}],"version-history":[{"count":21,"href":"https:\/\/eislauf-moedling.at\/kurse\/index.php?rest_route=\/wp\/v2\/pages\/99\/revisions"}],"predecessor-version":[{"id":1017,"href":"https:\/\/eislauf-moedling.at\/kurse\/index.php?rest_route=\/wp\/v2\/pages\/99\/revisions\/1017"}],"wp:attachment":[{"href":"https:\/\/eislauf-moedling.at\/kurse\/index.php?rest_route=%2Fwp%2Fv2%2Fmedia&parent=99"}],"curies":[{"name":"wp","href":"https:\/\/api.w.org\/{rel}","templated":true}]}}